{"id":349,"date":"2026-01-27T11:16:53","date_gmt":"2026-01-27T11:16:53","guid":{"rendered":"https:\/\/korn-und-co.de\/?page_id=349"},"modified":"2026-02-06T09:53:07","modified_gmt":"2026-02-06T09:53:07","slug":"blog","status":"publish","type":"page","link":"https:\/\/korn-und-co.de\/index.php\/blog\/","title":{"rendered":"Blog"},"content":{"rendered":"\t\t<div data-elementor-type=\"wp-page\" data-elementor-id=\"349\" class=\"elementor elementor-349\" data-elementor-post-type=\"page\">\n\t\t\t\t<div class=\"elementor-element elementor-element-7596310 e-flex e-con-boxed e-con e-parent\" data-id=\"7596310\" data-element_type=\"container\" data-e-type=\"container\" data-settings=\"{&quot;background_background&quot;:&quot;classic&quot;}\">\n\t\t\t\t\t<div class=\"e-con-inner\">\n\t\t\t\t<div class=\"elementor-element elementor-element-a367f71 elementor-grid-3 elementor-grid-tablet-2 elementor-grid-mobile-1 elementor-posts--thumbnail-top elementor-card-shadow-yes elementor-posts__hover-gradient elementor-widget elementor-widget-posts\" data-id=\"a367f71\" data-element_type=\"widget\" data-e-type=\"widget\" data-settings=\"{&quot;cards_row_gap&quot;:{&quot;unit&quot;:&quot;px&quot;,&quot;size&quot;:25,&quot;sizes&quot;:[]},&quot;cards_columns&quot;:&quot;3&quot;,&quot;cards_columns_tablet&quot;:&quot;2&quot;,&quot;cards_columns_mobile&quot;:&quot;1&quot;,&quot;cards_row_gap_tablet&quot;:{&quot;unit&quot;:&quot;px&quot;,&quot;size&quot;:&quot;&quot;,&quot;sizes&quot;:[]},&quot;cards_row_gap_mobile&quot;:{&quot;unit&quot;:&quot;px&quot;,&quot;size&quot;:&quot;&quot;,&quot;sizes&quot;:[]}}\" data-widget_type=\"posts.cards\">\n\t\t\t\t<div class=\"elementor-widget-container\">\n\t\t\t\t\t\t\t<div class=\"elementor-posts-container elementor-posts elementor-posts--skin-cards elementor-grid\" role=\"list\">\n\t\t\t\t<article class=\"elementor-post elementor-grid-item post-343 post type-post status-publish format-standard has-post-thumbnail hentry category-uncategorized\" role=\"listitem\">\n\t\t\t<div class=\"elementor-post__card\">\n\t\t\t\t<a class=\"elementor-post__thumbnail__link\" href=\"https:\/\/korn-und-co.de\/index.php\/2026\/01\/27\/hinter-den-kulissen-proben-vorbereitung\/\" tabindex=\"-1\" ><div class=\"elementor-post__thumbnail\"><img fetchpriority=\"high\" decoding=\"async\" width=\"1000\" height=\"667\" src=\"https:\/\/korn-und-co.de\/wp-content\/uploads\/2026\/01\/Soul-And-Motown-Wedding-Band-Live-On-Stage.jpg\" class=\"attachment-full size-full wp-image-344\" alt=\"\" srcset=\"https:\/\/korn-und-co.de\/wp-content\/uploads\/2026\/01\/Soul-And-Motown-Wedding-Band-Live-On-Stage.jpg 1000w, https:\/\/korn-und-co.de\/wp-content\/uploads\/2026\/01\/Soul-And-Motown-Wedding-Band-Live-On-Stage-300x200.jpg 300w, https:\/\/korn-und-co.de\/wp-content\/uploads\/2026\/01\/Soul-And-Motown-Wedding-Band-Live-On-Stage-768x512.jpg 768w\" sizes=\"(max-width: 1000px) 100vw, 1000px\" \/><\/div><\/a>\n\t\t\t\t<div class=\"elementor-post__text\">\n\t\t\t\t<h3 class=\"elementor-post__title\">\n\t\t\t<a href=\"https:\/\/korn-und-co.de\/index.php\/2026\/01\/27\/hinter-den-kulissen-proben-vorbereitung\/\" >\n\t\t\t\tUnsere neue Website &#8211; Korn &amp; Co. 2.0\t\t\t<\/a>\n\t\t<\/h3>\n\t\t\t\t<div class=\"elementor-post__excerpt\">\n\t\t\t<p>Ein Blick hinter die Kulissen unserer aktuellen Proben und Vorbereitungen\t\t<\/div>\n\t\t\n\t\t<a class=\"elementor-post__read-more\" href=\"https:\/\/korn-und-co.de\/index.php\/2026\/01\/27\/hinter-den-kulissen-proben-vorbereitung\/\" aria-label=\"Mehr \u00fcber Unsere neue Website &#8211; Korn &amp; Co. 2.0\" tabindex=\"-1\" >\n\t\t\tRead More \u00bb\t\t<\/a>\n\n\t\t\t\t<\/div>\n\t\t\t\t<div class=\"elementor-post__meta-data\">\n\t\t\t\t\t<span class=\"elementor-post-date\">\n\t\t\t27. Januar 2026\t\t<\/span>\n\t\t\t\t<\/div>\n\t\t\t\t\t<\/div>\n\t\t<\/article>\n\t\t\t\t<article class=\"elementor-post elementor-grid-item post-340 post type-post status-publish format-standard has-post-thumbnail hentry category-uncategorized\" role=\"listitem\">\n\t\t\t<div class=\"elementor-post__card\">\n\t\t\t\t<a class=\"elementor-post__thumbnail__link\" href=\"https:\/\/korn-und-co.de\/index.php\/2026\/01\/27\/ruckblick-live-show-in-berlin\/\" tabindex=\"-1\" ><div class=\"elementor-post__thumbnail\"><img decoding=\"async\" width=\"612\" height=\"408\" src=\"https:\/\/korn-und-co.de\/wp-content\/uploads\/2026\/01\/istockphoto-178776524-612x612-1.jpg\" class=\"attachment-full size-full wp-image-341\" alt=\"\" srcset=\"https:\/\/korn-und-co.de\/wp-content\/uploads\/2026\/01\/istockphoto-178776524-612x612-1.jpg 612w, https:\/\/korn-und-co.de\/wp-content\/uploads\/2026\/01\/istockphoto-178776524-612x612-1-300x200.jpg 300w\" sizes=\"(max-width: 612px) 100vw, 612px\" \/><\/div><\/a>\n\t\t\t\t<div class=\"elementor-post__text\">\n\t\t\t\t<h3 class=\"elementor-post__title\">\n\t\t\t<a href=\"https:\/\/korn-und-co.de\/index.php\/2026\/01\/27\/ruckblick-live-show-in-berlin\/\" >\n\t\t\t\tR\u00fcckblick: unsere Tour 2025\t\t\t<\/a>\n\t\t<\/h3>\n\t\t\t\t<div class=\"elementor-post__excerpt\">\n\t\t\t<p>Eine unvergessliche Tour 2025 mit Korn &#038; Co. 2.0 <\/p>\t\t<\/div>\n\t\t\n\t\t<a class=\"elementor-post__read-more\" href=\"https:\/\/korn-und-co.de\/index.php\/2026\/01\/27\/ruckblick-live-show-in-berlin\/\" aria-label=\"Mehr \u00fcber R\u00fcckblick: unsere Tour 2025\" tabindex=\"-1\" >\n\t\t\tRead More \u00bb\t\t<\/a>\n\n\t\t\t\t<\/div>\n\t\t\t\t<div class=\"elementor-post__meta-data\">\n\t\t\t\t\t<span class=\"elementor-post-date\">\n\t\t\t27. Januar 2026\t\t<\/span>\n\t\t\t\t<\/div>\n\t\t\t\t\t<\/div>\n\t\t<\/article>\n\t\t\t\t<article class=\"elementor-post elementor-grid-item post-1 post type-post status-publish format-standard has-post-thumbnail hentry category-uncategorized\" role=\"listitem\">\n\t\t\t<div class=\"elementor-post__card\">\n\t\t\t\t<a class=\"elementor-post__thumbnail__link\" href=\"https:\/\/korn-und-co.de\/index.php\/2026\/01\/21\/neue-tourdaten-fur-2026-veroffentlicht\/\" tabindex=\"-1\" ><div class=\"elementor-post__thumbnail\"><img decoding=\"async\" width=\"800\" height=\"601\" src=\"https:\/\/korn-und-co.de\/wp-content\/uploads\/2026\/01\/concert-crowd-scaled-e1756642380990-800x601-1.jpg\" class=\"attachment-full size-full wp-image-338\" alt=\"\" srcset=\"https:\/\/korn-und-co.de\/wp-content\/uploads\/2026\/01\/concert-crowd-scaled-e1756642380990-800x601-1.jpg 800w, https:\/\/korn-und-co.de\/wp-content\/uploads\/2026\/01\/concert-crowd-scaled-e1756642380990-800x601-1-300x225.jpg 300w, https:\/\/korn-und-co.de\/wp-content\/uploads\/2026\/01\/concert-crowd-scaled-e1756642380990-800x601-1-768x577.jpg 768w\" sizes=\"(max-width: 800px) 100vw, 800px\" \/><\/div><\/a>\n\t\t\t\t<div class=\"elementor-post__text\">\n\t\t\t\t<h3 class=\"elementor-post__title\">\n\t\t\t<a href=\"https:\/\/korn-und-co.de\/index.php\/2026\/01\/21\/neue-tourdaten-fur-2026-veroffentlicht\/\" >\n\t\t\t\tNeue Tourdaten f\u00fcr 2026 ver\u00f6ffentlicht\t\t\t<\/a>\n\t\t<\/h3>\n\t\t\t\t<div class=\"elementor-post__excerpt\">\n\t\t\t<p>Die neuen Tourdaten f\u00fcr 2026 stehen fest. Entdecken Sie alle\t\t<\/div>\n\t\t\n\t\t<a class=\"elementor-post__read-more\" href=\"https:\/\/korn-und-co.de\/index.php\/2026\/01\/21\/neue-tourdaten-fur-2026-veroffentlicht\/\" aria-label=\"Mehr \u00fcber Neue Tourdaten f\u00fcr 2026 ver\u00f6ffentlicht\" tabindex=\"-1\" >\n\t\t\tRead More \u00bb\t\t<\/a>\n\n\t\t\t\t<\/div>\n\t\t\t\t<div class=\"elementor-post__meta-data\">\n\t\t\t\t\t<span class=\"elementor-post-date\">\n\t\t\t21. Januar 2026\t\t<\/span>\n\t\t\t\t<\/div>\n\t\t\t\t\t<\/div>\n\t\t<\/article>\n\t\t\t\t<\/div>\n\t\t\n\t\t\t\t\t\t<\/div>\n\t\t\t\t<\/div>\n\t\t\t\t\t<\/div>\n\t\t\t\t<\/div>\n\t\t\t\t<\/div>\n\t\t","protected":false},"excerpt":{"rendered":"","protected":false},"author":1,"featured_media":0,"parent":0,"menu_order":0,"comment_status":"closed","ping_status":"closed","template":"elementor_header_footer","meta":{"footnotes":""},"class_list":["post-349","page","type-page","status-publish","hentry"],"yoast_head":"<!-- This site is optimized with the Yoast SEO plugin v27.5 - https:\/\/yoast.com\/product\/yoast-seo-wordpress\/ -->\n<title>Blog - KORN&amp;CO<\/title>\n<meta name=\"robots\" content=\"index, follow, max-snippet:-1, max-image-preview:large, max-video-preview:-1\" \/>\n<link rel=\"canonical\" href=\"https:\/\/korn-und-co.de\/index.php\/blog\/\" \/>\n<meta property=\"og:locale\" content=\"de_DE\" \/>\n<meta property=\"og:type\" content=\"article\" \/>\n<meta property=\"og:title\" content=\"Blog - KORN&amp;CO\" \/>\n<meta property=\"og:url\" content=\"https:\/\/korn-und-co.de\/index.php\/blog\/\" \/>\n<meta property=\"og:site_name\" content=\"KORN&amp;CO\" \/>\n<meta property=\"article:publisher\" content=\"https:\/\/www.facebook.com\/kornundco\" \/>\n<meta property=\"article:modified_time\" content=\"2026-02-06T09:53:07+00:00\" \/>\n<meta name=\"twitter:card\" content=\"summary_large_image\" \/>\n<script type=\"application\/ld+json\" class=\"yoast-schema-graph\">{\"@context\":\"https:\\\/\\\/schema.org\",\"@graph\":[{\"@type\":\"WebPage\",\"@id\":\"https:\\\/\\\/korn-und-co.de\\\/index.php\\\/blog\\\/\",\"url\":\"https:\\\/\\\/korn-und-co.de\\\/index.php\\\/blog\\\/\",\"name\":\"Blog - KORN&amp;CO\",\"isPartOf\":{\"@id\":\"https:\\\/\\\/korn-und-co.de\\\/#website\"},\"datePublished\":\"2026-01-27T11:16:53+00:00\",\"dateModified\":\"2026-02-06T09:53:07+00:00\",\"breadcrumb\":{\"@id\":\"https:\\\/\\\/korn-und-co.de\\\/index.php\\\/blog\\\/#breadcrumb\"},\"inLanguage\":\"de\",\"potentialAction\":[{\"@type\":\"ReadAction\",\"target\":[\"https:\\\/\\\/korn-und-co.de\\\/index.php\\\/blog\\\/\"]}]},{\"@type\":\"BreadcrumbList\",\"@id\":\"https:\\\/\\\/korn-und-co.de\\\/index.php\\\/blog\\\/#breadcrumb\",\"itemListElement\":[{\"@type\":\"ListItem\",\"position\":1,\"name\":\"Start\",\"item\":\"https:\\\/\\\/korn-und-co.de\\\/\"},{\"@type\":\"ListItem\",\"position\":2,\"name\":\"Blog\"}]},{\"@type\":\"WebSite\",\"@id\":\"https:\\\/\\\/korn-und-co.de\\\/#website\",\"url\":\"https:\\\/\\\/korn-und-co.de\\\/\",\"name\":\"KORN&CO\",\"description\":\"\",\"publisher\":{\"@id\":\"https:\\\/\\\/korn-und-co.de\\\/#organization\"},\"potentialAction\":[{\"@type\":\"SearchAction\",\"target\":{\"@type\":\"EntryPoint\",\"urlTemplate\":\"https:\\\/\\\/korn-und-co.de\\\/?s={search_term_string}\"},\"query-input\":{\"@type\":\"PropertyValueSpecification\",\"valueRequired\":true,\"valueName\":\"search_term_string\"}}],\"inLanguage\":\"de\"},{\"@type\":\"Organization\",\"@id\":\"https:\\\/\\\/korn-und-co.de\\\/#organization\",\"name\":\"KORN&CO\",\"url\":\"https:\\\/\\\/korn-und-co.de\\\/\",\"logo\":{\"@type\":\"ImageObject\",\"inLanguage\":\"de\",\"@id\":\"https:\\\/\\\/korn-und-co.de\\\/#\\\/schema\\\/logo\\\/image\\\/\",\"url\":\"https:\\\/\\\/korn-und-co.de\\\/wp-content\\\/uploads\\\/2026\\\/01\\\/Korn_Co-02.png\",\"contentUrl\":\"https:\\\/\\\/korn-und-co.de\\\/wp-content\\\/uploads\\\/2026\\\/01\\\/Korn_Co-02.png\",\"width\":1650,\"height\":472,\"caption\":\"KORN&CO\"},\"image\":{\"@id\":\"https:\\\/\\\/korn-und-co.de\\\/#\\\/schema\\\/logo\\\/image\\\/\"},\"sameAs\":[\"https:\\\/\\\/www.facebook.com\\\/kornundco\",\"https:\\\/\\\/www.youtube.com\\\/@Korn-und-Co\",\"https:\\\/\\\/www.instagram.com\\\/korn_co_partyband\"]}]}<\/script>\n<!-- \/ Yoast SEO plugin. -->","yoast_head_json":{"title":"Blog - KORN&amp;CO","robots":{"index":"index","follow":"follow","max-snippet":"max-snippet:-1","max-image-preview":"max-image-preview:large","max-video-preview":"max-video-preview:-1"},"canonical":"https:\/\/korn-und-co.de\/index.php\/blog\/","og_locale":"de_DE","og_type":"article","og_title":"Blog - KORN&amp;CO","og_url":"https:\/\/korn-und-co.de\/index.php\/blog\/","og_site_name":"KORN&amp;CO","article_publisher":"https:\/\/www.facebook.com\/kornundco","article_modified_time":"2026-02-06T09:53:07+00:00","twitter_card":"summary_large_image","schema":{"@context":"https:\/\/schema.org","@graph":[{"@type":"WebPage","@id":"https:\/\/korn-und-co.de\/index.php\/blog\/","url":"https:\/\/korn-und-co.de\/index.php\/blog\/","name":"Blog - KORN&amp;CO","isPartOf":{"@id":"https:\/\/korn-und-co.de\/#website"},"datePublished":"2026-01-27T11:16:53+00:00","dateModified":"2026-02-06T09:53:07+00:00","breadcrumb":{"@id":"https:\/\/korn-und-co.de\/index.php\/blog\/#breadcrumb"},"inLanguage":"de","potentialAction":[{"@type":"ReadAction","target":["https:\/\/korn-und-co.de\/index.php\/blog\/"]}]},{"@type":"BreadcrumbList","@id":"https:\/\/korn-und-co.de\/index.php\/blog\/#breadcrumb","itemListElement":[{"@type":"ListItem","position":1,"name":"Start","item":"https:\/\/korn-und-co.de\/"},{"@type":"ListItem","position":2,"name":"Blog"}]},{"@type":"WebSite","@id":"https:\/\/korn-und-co.de\/#website","url":"https:\/\/korn-und-co.de\/","name":"KORN&CO","description":"","publisher":{"@id":"https:\/\/korn-und-co.de\/#organization"},"potentialAction":[{"@type":"SearchAction","target":{"@type":"EntryPoint","urlTemplate":"https:\/\/korn-und-co.de\/?s={search_term_string}"},"query-input":{"@type":"PropertyValueSpecification","valueRequired":true,"valueName":"search_term_string"}}],"inLanguage":"de"},{"@type":"Organization","@id":"https:\/\/korn-und-co.de\/#organization","name":"KORN&CO","url":"https:\/\/korn-und-co.de\/","logo":{"@type":"ImageObject","inLanguage":"de","@id":"https:\/\/korn-und-co.de\/#\/schema\/logo\/image\/","url":"https:\/\/korn-und-co.de\/wp-content\/uploads\/2026\/01\/Korn_Co-02.png","contentUrl":"https:\/\/korn-und-co.de\/wp-content\/uploads\/2026\/01\/Korn_Co-02.png","width":1650,"height":472,"caption":"KORN&CO"},"image":{"@id":"https:\/\/korn-und-co.de\/#\/schema\/logo\/image\/"},"sameAs":["https:\/\/www.facebook.com\/kornundco","https:\/\/www.youtube.com\/@Korn-und-Co","https:\/\/www.instagram.com\/korn_co_partyband"]}]}},"jetpack_sharing_enabled":true,"_links":{"self":[{"href":"https:\/\/korn-und-co.de\/index.php\/wp-json\/wp\/v2\/pages\/349","targetHints":{"allow":["GET"]}}],"collection":[{"href":"https:\/\/korn-und-co.de\/index.php\/wp-json\/wp\/v2\/pages"}],"about":[{"href":"https:\/\/korn-und-co.de\/index.php\/wp-json\/wp\/v2\/types\/page"}],"author":[{"embeddable":true,"href":"https:\/\/korn-und-co.de\/index.php\/wp-json\/wp\/v2\/users\/1"}],"replies":[{"embeddable":true,"href":"https:\/\/korn-und-co.de\/index.php\/wp-json\/wp\/v2\/comments?post=349"}],"version-history":[{"count":34,"href":"https:\/\/korn-und-co.de\/index.php\/wp-json\/wp\/v2\/pages\/349\/revisions"}],"predecessor-version":[{"id":785,"href":"https:\/\/korn-und-co.de\/index.php\/wp-json\/wp\/v2\/pages\/349\/revisions\/785"}],"wp:attachment":[{"href":"https:\/\/korn-und-co.de\/index.php\/wp-json\/wp\/v2\/media?parent=349"}],"curies":[{"name":"wp","href":"https:\/\/api.w.org\/{rel}","templated":true}]}}